{"id":389858,"date":"2026-02-20T10:07:45","date_gmt":"2026-02-20T10:07:45","guid":{"rendered":"https:\/\/voltstore.ro\/?page_id=389858"},"modified":"2026-02-20T10:18:58","modified_gmt":"2026-02-20T10:18:58","slug":"politica-de-livrare-comanda","status":"publish","type":"page","link":"https:\/\/voltstore.ro\/index.php\/politica-de-livrare-comanda\/","title":{"rendered":"Politica de livrare comanda"},"content":{"rendered":"\n<p>1. Metode de livrare \u0219i Parteneri<\/p>\n\n\n\n<p>Produsele comandate pe Voltstore.ro sunt livrate pe \u00eentreg teritoriul Rom\u00e2niei prin intermediul serviciilor de curierat rapid:<\/p>\n\n\n\n<ul class=\"wp-block-list\">\n<li><strong>Curierat Rapid<\/strong>: FAN Courier ,Sameday.<\/li>\n\n\n\n<li><strong>Puncte Fixe (Lockere)<\/strong>:  Easybox \/ Fanbox.<\/li>\n\n\n\n<li><strong>Livrare Personal\u0103<\/strong>: Disponibil\u0103 in Bucuresti<\/li>\n<\/ul>\n\n\n\n<p>2. Timpul de livrare<\/p>\n\n\n\n<ul class=\"wp-block-list\">\n<li><strong>Termen Standard<\/strong>: Comenzile sunt procesate \u0219i predate curierului \u00een maximum\u00a0<strong>1-2 zile lucr\u0103toare<\/strong>. Livrarea final\u0103 c\u0103tre client se realizeaz\u0103 de regul\u0103 \u00een\u00a0<strong>24-48 de ore<\/strong>\u00a0de la expediere.<\/li>\n\n\n\n<li><strong>Program de Procesare<\/strong>: Comenzile plasate p\u00e2n\u0103 la ora [13:00] sunt procesate \u00een aceea\u0219i zi. Cele plasate dup\u0103 aceast\u0103 or\u0103 sau \u00een weekend\/s\u0103rb\u0103tori legale vor fi procesate \u00een prima zi lucr\u0103toare.<\/li>\n\n\n\n<li><strong>Limit\u0103 Legal\u0103<\/strong>: Conform legii, termenul maxim de livrare este de\u00a0<strong>30 de zile<\/strong>\u00a0de la confirmarea comenzii, dac\u0103 nu s-a agreat altfel.<\/li>\n<\/ul>\n\n\n\n<p>3. Costuri de transport<\/p>\n\n\n\n<ul class=\"wp-block-list\">\n<li><strong>Tax\u0103 Standard<\/strong>: 25 RON pentru livr\u0103rile \u00een re\u021beaua curierului.<\/li>\n\n\n\n<li><strong>Livrare Gratuit\u0103<\/strong>: Oferim transport gratuit pentru toate comenzile care dep\u0103\u0219esc valoarea de\u00a0<strong>1.000 RON<\/strong>.<\/li>\n\n\n\n<li><strong>Kilometri Suplimentari<\/strong>: Pentru localit\u0103\u021bile aflate \u00een afara ariei de acoperire a curierului, se pot aplica taxe suplimentare, care vor fi comunicate \u00eenainte de expediere.<\/li>\n<\/ul>\n\n\n\n<p>4. Condi\u021bii la recep\u021bie<\/p>\n\n\n\n<ul class=\"wp-block-list\">\n<li><strong>Integritatea Coletului<\/strong>: V\u0103 rug\u0103m s\u0103 verifica\u021bi starea ambalajului la primire. Dac\u0103 acesta prezint\u0103 urme vizibile de deteriorare, ave\u021bi dreptul s\u0103 refuza\u021bi coletul sau s\u0103 \u00eentocmi\u021bi un\u00a0<strong>proces-verbal de constatare<\/strong>\u00a0\u00eempreun\u0103 cu curierul.<\/li>\n<\/ul>\n\n\n\n<p>5. \u00cent\u00e2rzieri \u0219i For\u021b\u0103 Major\u0103<\/p>\n\n\n\n<p>\u00cen perioadele aglomerate (ex: Black Friday, S\u0103rb\u0103tori) sau \u00een condi\u021bii meteo extreme, termenele de livrare pot suferi modific\u0103ri. Ne angaj\u0103m s\u0103 v\u0103 inform\u0103m prin e-mail sau SMS despre orice \u00eent\u00e2rziere semnificativ\u0103.<\/p>\n","protected":false},"excerpt":{"rendered":"<p>1. Metode de livrare \u0219i Parteneri Produsele comandate pe Voltstore.ro sunt livrate pe \u00eentreg teritoriul Rom\u00e2niei prin intermediul serviciilor de curierat rapid: 2. Timpul de livrare 3. Costuri de transport 4. Condi\u021bii la recep\u021bie 5. \u00cent\u00e2rzieri \u0219i For\u021b\u0103 Major\u0103 \u00cen perioadele aglomerate (ex: Black Friday, S\u0103rb\u0103tori) sau \u00een condi\u021bii meteo extreme, termenele de livrare pot &#8230; <a title=\"Politica de livrare comanda\" class=\"read-more\" href=\"https:\/\/voltstore.ro\/index.php\/politica-de-livrare-comanda\/\" aria-label=\"Cite\u0219te mai multe despre Politica de livrare comanda\">Cite\u0219te mai mult<\/a><\/p>\n","protected":false},"author":1,"featured_media":0,"parent":0,"menu_order":0,"comment_status":"closed","ping_status":"closed","template":"","meta":{"footnotes":""},"class_list":["post-389858","page","type-page","status-publish"],"_links":{"self":[{"href":"https:\/\/voltstore.ro\/index.php\/wp-json\/wp\/v2\/pages\/389858","targetHints":{"allow":["GET"]}}],"collection":[{"href":"https:\/\/voltstore.ro\/index.php\/wp-json\/wp\/v2\/pages"}],"about":[{"href":"https:\/\/voltstore.ro\/index.php\/wp-json\/wp\/v2\/types\/page"}],"author":[{"embeddable":true,"href":"https:\/\/voltstore.ro\/index.php\/wp-json\/wp\/v2\/users\/1"}],"replies":[{"embeddable":true,"href":"https:\/\/voltstore.ro\/index.php\/wp-json\/wp\/v2\/comments?post=389858"}],"version-history":[{"count":2,"href":"https:\/\/voltstore.ro\/index.php\/wp-json\/wp\/v2\/pages\/389858\/revisions"}],"predecessor-version":[{"id":389867,"href":"https:\/\/voltstore.ro\/index.php\/wp-json\/wp\/v2\/pages\/389858\/revisions\/389867"}],"wp:attachment":[{"href":"https:\/\/voltstore.ro\/index.php\/wp-json\/wp\/v2\/media?parent=389858"}],"curies":[{"name":"wp","href":"https:\/\/api.w.org\/{rel}","templated":true}]}}